{"id":163,"date":"2026-04-08T14:50:22","date_gmt":"2026-04-08T14:50:22","guid":{"rendered":"https:\/\/pajamastories.africa\/?product=cinderella-and-other-fairy-tales"},"modified":"2026-04-08T14:50:22","modified_gmt":"2026-04-08T14:50:22","slug":"cinderella-and-other-fairy-tales","status":"publish","type":"product","link":"https:\/\/pajamastories.africa\/?product=cinderella-and-other-fairy-tales","title":{"rendered":"Cinderella and other fairy tales"},"content":{"rendered":"<p>Este libro es el Libro 7, Colecci\u00f3n I del &#8220;Proyecto de Lectura de un Mill\u00f3n de Ingl\u00e9s Palabras&#8221; (the Million-Word Reading Project, MWRP), una colecci\u00f3n de lecturas en ingl\u00e9s de nivel intermedio. Est\u00e1 destinado a lectores que ya han adquirido un vocabulario b\u00e1sico de 1500 palabras en ingl\u00e9s. Proyecto de Lectura de un Mill\u00f3n de Ingl\u00e9s Palabras (the Million-Word Reading Project, MWRP) es un programa de mejora de la lectura en ingl\u00e9s dise\u00f1ado espec\u00edficamente para estudiantes que aprenden ingl\u00e9s como segundo idioma o lengua extranjera (ESL\/EFL). Est\u00e1 dirigido a lectores que ya dominan un vocabulario b\u00e1sico de 1500 palabras (equivalente a ingl\u00e9s principiante). Con aproximadamente 15 minutos de lectura diaria durante dos a\u00f1os, los lectores pueden alcanzar un nivel de ingl\u00e9s intermedio, dominar m\u00e1s de 3500 palabras y numerosas frases, as\u00ed como adquirir habilidad en diversas estructuras de oraciones en ingl\u00e9s y la capacidad de leer obras literarias en ingl\u00e9s de dificultad general.<\/p>\n","protected":false},"excerpt":{"rendered":"<p>Este libro es el Libro 7, Colecci\u00f3n I del &#8220;Proyecto de Lectura de un Mill\u00f3n de Ingl\u00e9s Palabras&#8221; (the Million-Word Reading Project, MWRP), una colecci\u00f3n de lecturas en ingl\u00e9s de nivel intermedio. Est\u00e1 destinado a lectores que ya han adquirido un vocabulario b\u00e1sico de 1500 palabras en ingl\u00e9s. Proyecto de Lectura de un Mill\u00f3n de&#8230;<\/p>\n","protected":false},"featured_media":0,"comment_status":"open","ping_status":"closed","template":"","meta":{"_kadence_starter_templates_imported_post":false,"_kad_post_transparent":"","_kad_post_title":"","_kad_post_layout":"","_kad_post_sidebar_id":"","_kad_post_content_style":"","_kad_post_vertical_padding":"","_kad_post_feature":"","_kad_post_feature_position":"","_kad_post_header":false,"_kad_post_footer":false,"_kad_post_classname":""},"product_brand":[],"product_cat":[17],"product_tag":[],"class_list":{"0":"post-163","1":"product","2":"type-product","3":"status-publish","5":"product_cat-picture-books","7":"first","8":"instock","9":"taxable","10":"shipping-taxable","11":"purchasable","12":"product-type-simple","13":"entry","14":"content-bg","15":"loop-entry"},"jetpack_sharing_enabled":true,"_links":{"self":[{"href":"https:\/\/pajamastories.africa\/index.php?rest_route=\/wp\/v2\/product\/163","targetHints":{"allow":["GET"]}}],"collection":[{"href":"https:\/\/pajamastories.africa\/index.php?rest_route=\/wp\/v2\/product"}],"about":[{"href":"https:\/\/pajamastories.africa\/index.php?rest_route=\/wp\/v2\/types\/product"}],"replies":[{"embeddable":true,"href":"https:\/\/pajamastories.africa\/index.php?rest_route=%2Fwp%2Fv2%2Fcomments&post=163"}],"wp:attachment":[{"href":"https:\/\/pajamastories.africa\/index.php?rest_route=%2Fwp%2Fv2%2Fmedia&parent=163"}],"wp:term":[{"taxonomy":"product_brand","embeddable":true,"href":"https:\/\/pajamastories.africa\/index.php?rest_route=%2Fwp%2Fv2%2Fproduct_brand&post=163"},{"taxonomy":"product_cat","embeddable":true,"href":"https:\/\/pajamastories.africa\/index.php?rest_route=%2Fwp%2Fv2%2Fproduct_cat&post=163"},{"taxonomy":"product_tag","embeddable":true,"href":"https:\/\/pajamastories.africa\/index.php?rest_route=%2Fwp%2Fv2%2Fproduct_tag&post=163"}],"curies":[{"name":"wp","href":"https:\/\/api.w.org\/{rel}","templated":true}]}}